{"id":1967,"date":"2026-02-17T17:57:30","date_gmt":"2026-02-17T17:57:30","guid":{"rendered":"https:\/\/pfadfinder-zistersdorf.at\/wp\/?page_id=1967"},"modified":"2026-02-17T19:13:44","modified_gmt":"2026-02-17T19:13:44","slug":"heimstunden","status":"publish","type":"page","link":"https:\/\/pfadfinder-zistersdorf.at\/wp\/heimstunden\/","title":{"rendered":"Heimstunden"},"content":{"rendered":"\n<iframe loading=\"lazy\" width=\"1200\" height=\"675\" src=\"https:\/\/www.youtube-nocookie.com\/embed\/q0Zp_ingaiQ?si=FNj57n4r_fkUOzuG\" title=\"YouTube video player\" frameborder=\"0\" allow=\"accelerometer; autoplay; clipboard-write; encrypted-media; gyroscope; picture-in-picture; web-share\" referrerpolicy=\"strict-origin-when-cross-origin\" allowfullscreen><\/iframe>\n\n\n\n<div class=\"wp-block-media-text is-stacked-on-mobile\" style=\"grid-template-columns:20% auto\"><figure class=\"wp-block-media-text__media\"><img loading=\"lazy\" decoding=\"async\" width=\"960\" height=\"960\" src=\"https:\/\/pfadfinder-zistersdorf.at\/wp\/wp-content\/uploads\/2026\/02\/PPOe-Stufenbutton-Biber-mit-Schatten.png\" alt=\"\" class=\"wp-image-1970 size-full\" srcset=\"https:\/\/pfadfinder-zistersdorf.at\/wp\/wp-content\/uploads\/2026\/02\/PPOe-Stufenbutton-Biber-mit-Schatten.png 960w, https:\/\/pfadfinder-zistersdorf.at\/wp\/wp-content\/uploads\/2026\/02\/PPOe-Stufenbutton-Biber-mit-Schatten-300x300.png 300w, https:\/\/pfadfinder-zistersdorf.at\/wp\/wp-content\/uploads\/2026\/02\/PPOe-Stufenbutton-Biber-mit-Schatten-150x150.png 150w, https:\/\/pfadfinder-zistersdorf.at\/wp\/wp-content\/uploads\/2026\/02\/PPOe-Stufenbutton-Biber-mit-Schatten-768x768.png 768w, https:\/\/pfadfinder-zistersdorf.at\/wp\/wp-content\/uploads\/2026\/02\/PPOe-Stufenbutton-Biber-mit-Schatten-600x600.png 600w\" sizes=\"auto, (max-width: 960px) 100vw, 960px\" \/><\/figure><div class=\"wp-block-media-text__content\">\n<p><br>Die J\u00fcngsten Pfadis lernen durch Singen, Basteln und Spielen das Leben in der Gemeinschaft kennen und erkunden in ihrer \u201eBiberfamilie\u201c (Kleingruppe) spielerisch ihre Umgebung. Alles nach dem Motto \u201ewir helfen zusammen\u201c.<\/p>\n\n\n\n<ul class=\"wp-block-list\">\n<li>Heimstunden finden alle 14 Tage zeitgleich mit den WiW\u00f6 am Donnerstag von 17 Uhr bis 18:30 Uhr statt<\/li>\n<\/ul>\n<\/div><\/div>\n\n\n\n<hr class=\"wp-block-separator has-alpha-channel-opacity is-style-wide\"\/>\n\n\n\n<div class=\"wp-block-media-text is-stacked-on-mobile\" style=\"grid-template-columns:20% auto\"><figure class=\"wp-block-media-text__media\"><img loading=\"lazy\" decoding=\"async\" width=\"960\" height=\"960\" src=\"https:\/\/pfadfinder-zistersdorf.at\/wp\/wp-content\/uploads\/2026\/02\/PPOe-Stufenbutton-WiWoe-mit-Schatten.png\" alt=\"\" class=\"wp-image-1969 size-full\" srcset=\"https:\/\/pfadfinder-zistersdorf.at\/wp\/wp-content\/uploads\/2026\/02\/PPOe-Stufenbutton-WiWoe-mit-Schatten.png 960w, https:\/\/pfadfinder-zistersdorf.at\/wp\/wp-content\/uploads\/2026\/02\/PPOe-Stufenbutton-WiWoe-mit-Schatten-300x300.png 300w, https:\/\/pfadfinder-zistersdorf.at\/wp\/wp-content\/uploads\/2026\/02\/PPOe-Stufenbutton-WiWoe-mit-Schatten-150x150.png 150w, https:\/\/pfadfinder-zistersdorf.at\/wp\/wp-content\/uploads\/2026\/02\/PPOe-Stufenbutton-WiWoe-mit-Schatten-768x768.png 768w, https:\/\/pfadfinder-zistersdorf.at\/wp\/wp-content\/uploads\/2026\/02\/PPOe-Stufenbutton-WiWoe-mit-Schatten-600x600.png 600w\" sizes=\"auto, (max-width: 960px) 100vw, 960px\" \/><\/figure><div class=\"wp-block-media-text__content\">\n<p>Die Wichtel (M\u00e4dchen) und W\u00f6lflinge (Buben) entwickeln spielerisch ihre kindliche Pers\u00f6nlichkeit und entdecken ihre F\u00e4higkeiten sowie Talente.\u00a0WiW\u00f6\u00a0schlie\u00dfen viele Freundschaften und entdecken in der Gemeinschaft immer wieder Neues. Sie erfahren etwas \u00fcber ihren Lebensraum, sind drau\u00dfen in der Natur, basteln, singen und haben immer Action.<br>Bei dem Heimstunden kommen Spiel, Spa\u00df und Bewegung nicht zu kurz.<\/p>\n\n\n\n<ul class=\"wp-block-list\">\n<li>Heimstunden finden jeden Donnerstag von 17 Uhr bis 18:30 Uhr statt<\/li>\n<\/ul>\n<\/div><\/div>\n\n\n\n<hr class=\"wp-block-separator has-alpha-channel-opacity is-style-wide\"\/>\n\n\n\n<div class=\"wp-block-media-text is-stacked-on-mobile\" style=\"grid-template-columns:20% auto\"><figure class=\"wp-block-media-text__media\"><img loading=\"lazy\" decoding=\"async\" width=\"960\" height=\"960\" src=\"https:\/\/pfadfinder-zistersdorf.at\/wp\/wp-content\/uploads\/2026\/02\/PPOe-Stufenbutton-GuSp-mit-Schatten.png\" alt=\"\" class=\"wp-image-1971 size-full\" srcset=\"https:\/\/pfadfinder-zistersdorf.at\/wp\/wp-content\/uploads\/2026\/02\/PPOe-Stufenbutton-GuSp-mit-Schatten.png 960w, https:\/\/pfadfinder-zistersdorf.at\/wp\/wp-content\/uploads\/2026\/02\/PPOe-Stufenbutton-GuSp-mit-Schatten-300x300.png 300w, https:\/\/pfadfinder-zistersdorf.at\/wp\/wp-content\/uploads\/2026\/02\/PPOe-Stufenbutton-GuSp-mit-Schatten-150x150.png 150w, https:\/\/pfadfinder-zistersdorf.at\/wp\/wp-content\/uploads\/2026\/02\/PPOe-Stufenbutton-GuSp-mit-Schatten-768x768.png 768w, https:\/\/pfadfinder-zistersdorf.at\/wp\/wp-content\/uploads\/2026\/02\/PPOe-Stufenbutton-GuSp-mit-Schatten-600x600.png 600w\" sizes=\"auto, (max-width: 960px) 100vw, 960px\" \/><\/figure><div class=\"wp-block-media-text__content\">\n<p><br>Guides (M\u00e4dchen) und Sp\u00e4her (Buben) erleben in kleinen selbstgew\u00e4hlten Teams ein abwechslungsreiches und von ihnen mitgestaltetes Programm. Sie lernen dabei Verantwortung f\u00fcr sich und andere zu \u00fcbernehmen und erkennen dabei ihre eigenen St\u00e4rken.<br>Viele Aktivit\u00e4ten der GuSp finden drau\u00dfen statt und reichen vom Umgang mit Werkzeug \u00fcber gemeinsames Kochen, Spiel und Spa\u00df bis hin zur Auseinandersetzung mit der Natur.<\/p>\n\n\n\n<ul class=\"wp-block-list\">\n<li>Heimstunden finden zeitgleich mit den CaEx jeden Freitag von 18 Uhr bis 19:30 Uhr statt.<\/li>\n<\/ul>\n<\/div><\/div>\n\n\n\n<hr class=\"wp-block-separator has-alpha-channel-opacity is-style-wide\"\/>\n\n\n\n<div class=\"wp-block-media-text is-stacked-on-mobile\" style=\"grid-template-columns:20% auto\"><figure class=\"wp-block-media-text__media\"><img loading=\"lazy\" decoding=\"async\" width=\"960\" height=\"960\" src=\"https:\/\/pfadfinder-zistersdorf.at\/wp\/wp-content\/uploads\/2026\/02\/PPOe-Stufenbutton-CaEx-mit-Schatten.png\" alt=\"\" class=\"wp-image-1972 size-full\" srcset=\"https:\/\/pfadfinder-zistersdorf.at\/wp\/wp-content\/uploads\/2026\/02\/PPOe-Stufenbutton-CaEx-mit-Schatten.png 960w, https:\/\/pfadfinder-zistersdorf.at\/wp\/wp-content\/uploads\/2026\/02\/PPOe-Stufenbutton-CaEx-mit-Schatten-300x300.png 300w, https:\/\/pfadfinder-zistersdorf.at\/wp\/wp-content\/uploads\/2026\/02\/PPOe-Stufenbutton-CaEx-mit-Schatten-150x150.png 150w, https:\/\/pfadfinder-zistersdorf.at\/wp\/wp-content\/uploads\/2026\/02\/PPOe-Stufenbutton-CaEx-mit-Schatten-768x768.png 768w, https:\/\/pfadfinder-zistersdorf.at\/wp\/wp-content\/uploads\/2026\/02\/PPOe-Stufenbutton-CaEx-mit-Schatten-600x600.png 600w\" sizes=\"auto, (max-width: 960px) 100vw, 960px\" \/><\/figure><div class=\"wp-block-media-text__content\">\n<p>Die Caravelles (M\u00e4dchen) und Explorer (Buben) bringen ihre eigenen Ideen in kleinen Projekten (sogenannten\u00a0Unternehmen) ein und handeln bei Planung und Durchf\u00fchrung immer selbst\u00e4ndiger.<br>Die Jugendlichen lernen auch wie wichtig es ist etwas zu bewegen. Nicht nur zu Hause sondern auch \u00fcber Grenzen und Kulturen hinweg.<\/p>\n\n\n\n<ul class=\"wp-block-list\">\n<li>Heimstunden finden zeitgleich mit den GuSp jeden Freitag von 18 Uhr bis 19:30 Uhr statt.<\/li>\n<\/ul>\n<\/div><\/div>\n\n\n\n<hr class=\"wp-block-separator has-alpha-channel-opacity is-style-wide\"\/>\n\n\n\n<div class=\"wp-block-media-text is-stacked-on-mobile\" style=\"grid-template-columns:20% auto\"><figure class=\"wp-block-media-text__media\"><img loading=\"lazy\" decoding=\"async\" width=\"960\" height=\"960\" src=\"https:\/\/pfadfinder-zistersdorf.at\/wp\/wp-content\/uploads\/2026\/02\/PPOe-Stufenbutton-RaRo-mit-Schatten.png\" alt=\"\" class=\"wp-image-1973 size-full\" srcset=\"https:\/\/pfadfinder-zistersdorf.at\/wp\/wp-content\/uploads\/2026\/02\/PPOe-Stufenbutton-RaRo-mit-Schatten.png 960w, https:\/\/pfadfinder-zistersdorf.at\/wp\/wp-content\/uploads\/2026\/02\/PPOe-Stufenbutton-RaRo-mit-Schatten-300x300.png 300w, https:\/\/pfadfinder-zistersdorf.at\/wp\/wp-content\/uploads\/2026\/02\/PPOe-Stufenbutton-RaRo-mit-Schatten-150x150.png 150w, https:\/\/pfadfinder-zistersdorf.at\/wp\/wp-content\/uploads\/2026\/02\/PPOe-Stufenbutton-RaRo-mit-Schatten-768x768.png 768w, https:\/\/pfadfinder-zistersdorf.at\/wp\/wp-content\/uploads\/2026\/02\/PPOe-Stufenbutton-RaRo-mit-Schatten-600x600.png 600w\" sizes=\"auto, (max-width: 960px) 100vw, 960px\" \/><\/figure><div class=\"wp-block-media-text__content\">\n<p>Ranger (M\u00e4dchen) und Rover (Buben) befassen sich mit selbstgew\u00e4hlten Themen. Sie bereiten sich auf ihre Rolle als verantwortungsbewusste und engagierte Pers\u00f6nlichkeiten in der Gesellschaft vor.<br>Die RaRo erleben eine Gruppe von Freunden und Freundinnen mit viel Spa\u00df, Abenteuer und Action.<\/p>\n\n\n\n<ul class=\"wp-block-list\">\n<li>Heimstunden finden nach Vereinbarung statt.<\/li>\n<\/ul>\n<\/div><\/div>\n\n\n\n<hr class=\"wp-block-separator has-alpha-channel-opacity is-style-dots\"\/>\n\n\n\n<p>Falls bei dir oder deinem Kind Interesse besteht, einmal ins Pfadfinder*innenleben hineinzuschnuppern, f\u00fclle einfach dieses Formular aus und wir melden uns bei dir.<\/p>\n\n\n<button translate=\"no\" class=\"btg-button btg-button-1\" data-btnid=\"1\" data-url=\"https:\/\/forms.office.com\/e\/RVW5pDj1y0\" data-action=\"link\" data-target=\"_self\">Formular*<span class=\"fas fa-up-right-from-square btg-icon \"><\/span><\/button>\n","protected":false},"excerpt":{"rendered":"<p>Falls bei dir oder deinem Kind Interesse besteht, einmal ins Pfadfinder*innenleben hineinzuschnuppern, f\u00fclle einfach dieses Formular aus und wir melden uns bei dir.<\/p>\n","protected":false},"author":2,"featured_media":0,"parent":0,"menu_order":0,"comment_status":"closed","ping_status":"closed","template":"","meta":{"ocean_post_layout":"","ocean_both_sidebars_style":"","ocean_both_sidebars_content_width":0,"ocean_both_sidebars_sidebars_width":0,"ocean_sidebar":"","ocean_second_sidebar":"","ocean_disable_margins":"enable","ocean_add_body_class":"","ocean_shortcode_before_top_bar":"","ocean_shortcode_after_top_bar":"","ocean_shortcode_before_header":"","ocean_shortcode_after_header":"","ocean_has_shortcode":"","ocean_shortcode_after_title":"","ocean_shortcode_before_footer_widgets":"","ocean_shortcode_after_footer_widgets":"","ocean_shortcode_before_footer_bottom":"","ocean_shortcode_after_footer_bottom":"","ocean_display_top_bar":"default","ocean_display_header":"default","ocean_header_style":"","ocean_center_header_left_menu":"","ocean_custom_header_template":"","ocean_custom_logo":0,"ocean_custom_retina_logo":0,"ocean_custom_logo_max_width":0,"ocean_custom_logo_tablet_max_width":0,"ocean_custom_logo_mobile_max_width":0,"ocean_custom_logo_max_height":0,"ocean_custom_logo_tablet_max_height":0,"ocean_custom_logo_mobile_max_height":0,"ocean_header_custom_menu":"","ocean_menu_typo_font_family":"","ocean_menu_typo_font_subset":"","ocean_menu_typo_font_size":0,"ocean_menu_typo_font_size_tablet":0,"ocean_menu_typo_font_size_mobile":0,"ocean_menu_typo_font_size_unit":"px","ocean_menu_typo_font_weight":"","ocean_menu_typo_font_weight_tablet":"","ocean_menu_typo_font_weight_mobile":"","ocean_menu_typo_transform":"","ocean_menu_typo_transform_tablet":"","ocean_menu_typo_transform_mobile":"","ocean_menu_typo_line_height":0,"ocean_menu_typo_line_height_tablet":0,"ocean_menu_typo_line_height_mobile":0,"ocean_menu_typo_line_height_unit":"","ocean_menu_typo_spacing":0,"ocean_menu_typo_spacing_tablet":0,"ocean_menu_typo_spacing_mobile":0,"ocean_menu_typo_spacing_unit":"","ocean_menu_link_color":"","ocean_menu_link_color_hover":"","ocean_menu_link_color_active":"","ocean_menu_link_background":"","ocean_menu_link_hover_background":"","ocean_menu_link_active_background":"","ocean_menu_social_links_bg":"","ocean_menu_social_hover_links_bg":"","ocean_menu_social_links_color":"","ocean_menu_social_hover_links_color":"","ocean_disable_title":"default","ocean_disable_heading":"default","ocean_post_title":"","ocean_post_subheading":"","ocean_post_title_style":"","ocean_post_title_background_color":"","ocean_post_title_background":0,"ocean_post_title_bg_image_position":"","ocean_post_title_bg_image_attachment":"","ocean_post_title_bg_image_repeat":"","ocean_post_title_bg_image_size":"","ocean_post_title_height":0,"ocean_post_title_bg_overlay":0.5,"ocean_post_title_bg_overlay_color":"","ocean_disable_breadcrumbs":"default","ocean_breadcrumbs_color":"","ocean_breadcrumbs_separator_color":"","ocean_breadcrumbs_links_color":"","ocean_breadcrumbs_links_hover_color":"","ocean_display_footer_widgets":"default","ocean_display_footer_bottom":"default","ocean_custom_footer_template":"","footnotes":""},"class_list":["post-1967","page","type-page","status-publish","hentry","entry"],"yoast_head":"<!-- This site is optimized with the Yoast SEO plugin v27.0 - https:\/\/yoast.com\/product\/yoast-seo-wordpress\/ -->\n<title>Heimstunden - Pfadfinder Zistersdorf<\/title>\n<meta name=\"robots\" content=\"index, follow, max-snippet:-1, max-image-preview:large, max-video-preview:-1\" \/>\n<link rel=\"canonical\" href=\"https:\/\/pfadfinder-zistersdorf.at\/wp\/heimstunden\/\" \/>\n<meta property=\"og:locale\" content=\"de_DE\" \/>\n<meta property=\"og:type\" content=\"article\" \/>\n<meta property=\"og:title\" content=\"Heimstunden - Pfadfinder Zistersdorf\" \/>\n<meta property=\"og:description\" content=\"Falls bei dir oder deinem Kind Interesse besteht, einmal ins Pfadfinder*innenleben hineinzuschnuppern, f\u00fclle einfach dieses Formular aus und wir melden uns bei dir.\" \/>\n<meta property=\"og:url\" content=\"https:\/\/pfadfinder-zistersdorf.at\/wp\/heimstunden\/\" \/>\n<meta property=\"og:site_name\" content=\"Pfadfinder Zistersdorf\" \/>\n<meta property=\"article:modified_time\" content=\"2026-02-17T19:13:44+00:00\" \/>\n<meta property=\"og:image\" content=\"https:\/\/pfadfinder-zistersdorf.at\/wp\/wp-content\/uploads\/2026\/02\/PPOe-Stufenbutton-Biber-mit-Schatten.png\" \/>\n\t<meta property=\"og:image:width\" content=\"960\" \/>\n\t<meta property=\"og:image:height\" content=\"960\" \/>\n\t<meta property=\"og:image:type\" content=\"image\/png\" \/>\n<meta name=\"twitter:card\" content=\"summary_large_image\" \/>\n<meta name=\"twitter:label1\" content=\"Gesch\u00e4tzte Lesezeit\" \/>\n\t<meta name=\"twitter:data1\" content=\"3\u00a0Minuten\" \/>\n<script type=\"application\/ld+json\" class=\"yoast-schema-graph\">{\"@context\":\"https:\/\/schema.org\",\"@graph\":[{\"@type\":\"WebPage\",\"@id\":\"https:\/\/pfadfinder-zistersdorf.at\/wp\/heimstunden\/\",\"url\":\"https:\/\/pfadfinder-zistersdorf.at\/wp\/heimstunden\/\",\"name\":\"Heimstunden - Pfadfinder Zistersdorf\",\"isPartOf\":{\"@id\":\"https:\/\/pfadfinder-zistersdorf.at\/wp\/#website\"},\"primaryImageOfPage\":{\"@id\":\"https:\/\/pfadfinder-zistersdorf.at\/wp\/heimstunden\/#primaryimage\"},\"image\":{\"@id\":\"https:\/\/pfadfinder-zistersdorf.at\/wp\/heimstunden\/#primaryimage\"},\"thumbnailUrl\":\"https:\/\/pfadfinder-zistersdorf.at\/wp\/wp-content\/uploads\/2026\/02\/PPOe-Stufenbutton-Biber-mit-Schatten.png\",\"datePublished\":\"2026-02-17T17:57:30+00:00\",\"dateModified\":\"2026-02-17T19:13:44+00:00\",\"breadcrumb\":{\"@id\":\"https:\/\/pfadfinder-zistersdorf.at\/wp\/heimstunden\/#breadcrumb\"},\"inLanguage\":\"de\",\"potentialAction\":[{\"@type\":\"ReadAction\",\"target\":[\"https:\/\/pfadfinder-zistersdorf.at\/wp\/heimstunden\/\"]}]},{\"@type\":\"ImageObject\",\"inLanguage\":\"de\",\"@id\":\"https:\/\/pfadfinder-zistersdorf.at\/wp\/heimstunden\/#primaryimage\",\"url\":\"https:\/\/pfadfinder-zistersdorf.at\/wp\/wp-content\/uploads\/2026\/02\/PPOe-Stufenbutton-Biber-mit-Schatten.png\",\"contentUrl\":\"https:\/\/pfadfinder-zistersdorf.at\/wp\/wp-content\/uploads\/2026\/02\/PPOe-Stufenbutton-Biber-mit-Schatten.png\",\"width\":960,\"height\":960},{\"@type\":\"BreadcrumbList\",\"@id\":\"https:\/\/pfadfinder-zistersdorf.at\/wp\/heimstunden\/#breadcrumb\",\"itemListElement\":[{\"@type\":\"ListItem\",\"position\":1,\"name\":\"Start\",\"item\":\"https:\/\/pfadfinder-zistersdorf.at\/wp\/\"},{\"@type\":\"ListItem\",\"position\":2,\"name\":\"Heimstunden\"}]},{\"@type\":\"WebSite\",\"@id\":\"https:\/\/pfadfinder-zistersdorf.at\/wp\/#website\",\"url\":\"https:\/\/pfadfinder-zistersdorf.at\/wp\/\",\"name\":\"Pfadfinder Zistersdorf\",\"description\":\"Der Webauftritt der Pfadfindergruppe Zistersdorf\",\"publisher\":{\"@id\":\"https:\/\/pfadfinder-zistersdorf.at\/wp\/#organization\"},\"potentialAction\":[{\"@type\":\"SearchAction\",\"target\":{\"@type\":\"EntryPoint\",\"urlTemplate\":\"https:\/\/pfadfinder-zistersdorf.at\/wp\/?s={search_term_string}\"},\"query-input\":{\"@type\":\"PropertyValueSpecification\",\"valueRequired\":true,\"valueName\":\"search_term_string\"}}],\"inLanguage\":\"de\"},{\"@type\":\"Organization\",\"@id\":\"https:\/\/pfadfinder-zistersdorf.at\/wp\/#organization\",\"name\":\"Pfadfinder Zistersdorf\",\"url\":\"https:\/\/pfadfinder-zistersdorf.at\/wp\/\",\"logo\":{\"@type\":\"ImageObject\",\"inLanguage\":\"de\",\"@id\":\"https:\/\/pfadfinder-zistersdorf.at\/wp\/#\/schema\/logo\/image\/\",\"url\":\"https:\/\/pfadfinder-zistersdorf.at\/wp\/wp-content\/uploads\/2026\/01\/Logo-Zistersdorf_WEISS.png\",\"contentUrl\":\"https:\/\/pfadfinder-zistersdorf.at\/wp\/wp-content\/uploads\/2026\/01\/Logo-Zistersdorf_WEISS.png\",\"width\":2459,\"height\":720,\"caption\":\"Pfadfinder Zistersdorf\"},\"image\":{\"@id\":\"https:\/\/pfadfinder-zistersdorf.at\/wp\/#\/schema\/logo\/image\/\"}}]}<\/script>\n<!-- \/ Yoast SEO plugin. -->","yoast_head_json":{"title":"Heimstunden - Pfadfinder Zistersdorf","robots":{"index":"index","follow":"follow","max-snippet":"max-snippet:-1","max-image-preview":"max-image-preview:large","max-video-preview":"max-video-preview:-1"},"canonical":"https:\/\/pfadfinder-zistersdorf.at\/wp\/heimstunden\/","og_locale":"de_DE","og_type":"article","og_title":"Heimstunden - Pfadfinder Zistersdorf","og_description":"Falls bei dir oder deinem Kind Interesse besteht, einmal ins Pfadfinder*innenleben hineinzuschnuppern, f\u00fclle einfach dieses Formular aus und wir melden uns bei dir.","og_url":"https:\/\/pfadfinder-zistersdorf.at\/wp\/heimstunden\/","og_site_name":"Pfadfinder Zistersdorf","article_modified_time":"2026-02-17T19:13:44+00:00","og_image":[{"width":960,"height":960,"url":"https:\/\/pfadfinder-zistersdorf.at\/wp\/wp-content\/uploads\/2026\/02\/PPOe-Stufenbutton-Biber-mit-Schatten.png","type":"image\/png"}],"twitter_card":"summary_large_image","twitter_misc":{"Gesch\u00e4tzte Lesezeit":"3\u00a0Minuten"},"schema":{"@context":"https:\/\/schema.org","@graph":[{"@type":"WebPage","@id":"https:\/\/pfadfinder-zistersdorf.at\/wp\/heimstunden\/","url":"https:\/\/pfadfinder-zistersdorf.at\/wp\/heimstunden\/","name":"Heimstunden - Pfadfinder Zistersdorf","isPartOf":{"@id":"https:\/\/pfadfinder-zistersdorf.at\/wp\/#website"},"primaryImageOfPage":{"@id":"https:\/\/pfadfinder-zistersdorf.at\/wp\/heimstunden\/#primaryimage"},"image":{"@id":"https:\/\/pfadfinder-zistersdorf.at\/wp\/heimstunden\/#primaryimage"},"thumbnailUrl":"https:\/\/pfadfinder-zistersdorf.at\/wp\/wp-content\/uploads\/2026\/02\/PPOe-Stufenbutton-Biber-mit-Schatten.png","datePublished":"2026-02-17T17:57:30+00:00","dateModified":"2026-02-17T19:13:44+00:00","breadcrumb":{"@id":"https:\/\/pfadfinder-zistersdorf.at\/wp\/heimstunden\/#breadcrumb"},"inLanguage":"de","potentialAction":[{"@type":"ReadAction","target":["https:\/\/pfadfinder-zistersdorf.at\/wp\/heimstunden\/"]}]},{"@type":"ImageObject","inLanguage":"de","@id":"https:\/\/pfadfinder-zistersdorf.at\/wp\/heimstunden\/#primaryimage","url":"https:\/\/pfadfinder-zistersdorf.at\/wp\/wp-content\/uploads\/2026\/02\/PPOe-Stufenbutton-Biber-mit-Schatten.png","contentUrl":"https:\/\/pfadfinder-zistersdorf.at\/wp\/wp-content\/uploads\/2026\/02\/PPOe-Stufenbutton-Biber-mit-Schatten.png","width":960,"height":960},{"@type":"BreadcrumbList","@id":"https:\/\/pfadfinder-zistersdorf.at\/wp\/heimstunden\/#breadcrumb","itemListElement":[{"@type":"ListItem","position":1,"name":"Start","item":"https:\/\/pfadfinder-zistersdorf.at\/wp\/"},{"@type":"ListItem","position":2,"name":"Heimstunden"}]},{"@type":"WebSite","@id":"https:\/\/pfadfinder-zistersdorf.at\/wp\/#website","url":"https:\/\/pfadfinder-zistersdorf.at\/wp\/","name":"Pfadfinder Zistersdorf","description":"Der Webauftritt der Pfadfindergruppe Zistersdorf","publisher":{"@id":"https:\/\/pfadfinder-zistersdorf.at\/wp\/#organization"},"potentialAction":[{"@type":"SearchAction","target":{"@type":"EntryPoint","urlTemplate":"https:\/\/pfadfinder-zistersdorf.at\/wp\/?s={search_term_string}"},"query-input":{"@type":"PropertyValueSpecification","valueRequired":true,"valueName":"search_term_string"}}],"inLanguage":"de"},{"@type":"Organization","@id":"https:\/\/pfadfinder-zistersdorf.at\/wp\/#organization","name":"Pfadfinder Zistersdorf","url":"https:\/\/pfadfinder-zistersdorf.at\/wp\/","logo":{"@type":"ImageObject","inLanguage":"de","@id":"https:\/\/pfadfinder-zistersdorf.at\/wp\/#\/schema\/logo\/image\/","url":"https:\/\/pfadfinder-zistersdorf.at\/wp\/wp-content\/uploads\/2026\/01\/Logo-Zistersdorf_WEISS.png","contentUrl":"https:\/\/pfadfinder-zistersdorf.at\/wp\/wp-content\/uploads\/2026\/01\/Logo-Zistersdorf_WEISS.png","width":2459,"height":720,"caption":"Pfadfinder Zistersdorf"},"image":{"@id":"https:\/\/pfadfinder-zistersdorf.at\/wp\/#\/schema\/logo\/image\/"}}]}},"_links":{"self":[{"href":"https:\/\/pfadfinder-zistersdorf.at\/wp\/wp-json\/wp\/v2\/pages\/1967","targetHints":{"allow":["GET"]}}],"collection":[{"href":"https:\/\/pfadfinder-zistersdorf.at\/wp\/wp-json\/wp\/v2\/pages"}],"about":[{"href":"https:\/\/pfadfinder-zistersdorf.at\/wp\/wp-json\/wp\/v2\/types\/page"}],"author":[{"embeddable":true,"href":"https:\/\/pfadfinder-zistersdorf.at\/wp\/wp-json\/wp\/v2\/users\/2"}],"replies":[{"embeddable":true,"href":"https:\/\/pfadfinder-zistersdorf.at\/wp\/wp-json\/wp\/v2\/comments?post=1967"}],"version-history":[{"count":8,"href":"https:\/\/pfadfinder-zistersdorf.at\/wp\/wp-json\/wp\/v2\/pages\/1967\/revisions"}],"predecessor-version":[{"id":1983,"href":"https:\/\/pfadfinder-zistersdorf.at\/wp\/wp-json\/wp\/v2\/pages\/1967\/revisions\/1983"}],"wp:attachment":[{"href":"https:\/\/pfadfinder-zistersdorf.at\/wp\/wp-json\/wp\/v2\/media?parent=1967"}],"curies":[{"name":"wp","href":"https:\/\/api.w.org\/{rel}","templated":true}]}}