{"id":1904,"date":"2026-02-16T12:33:30","date_gmt":"2026-02-16T12:33:30","guid":{"rendered":"https:\/\/pfadfinder-zistersdorf.at\/wp\/?page_id=1904"},"modified":"2026-02-16T12:35:17","modified_gmt":"2026-02-16T12:35:17","slug":"leitbild","status":"publish","type":"page","link":"https:\/\/pfadfinder-zistersdorf.at\/wp\/leitbild\/","title":{"rendered":"Leitbild"},"content":{"rendered":"\n<h2 class=\"wp-block-heading\">Leitbild der\u00a0<a href=\"http:\/\/ppoe.at\/\" target=\"_blank\" rel=\"noreferrer noopener\">PP\u00d6<\/a>\u00a0(Pfadfinder*innen \u00d6sterreichs)<\/h2>\n\n\n\n<hr class=\"wp-block-separator has-alpha-channel-opacity\"\/>\n\n\n\n<h5 class=\"wp-block-heading has-text-color has-link-color wp-elements-9548c71d3e29ea750c2dfe7c44c5d309\" style=\"color:#9d2632\">\u2026 Demokratie und Frieden erleben<\/h5>\n\n\n\n<p><em>Wir sind Mitglied der gr\u00f6\u00dften Kinder- und Jugendbewegung der Welt. Durch gelebte Demokratie und internationale Begegnungen leisten wir einen nachhaltigen Beitrag f\u00fcr den Frieden.<\/em><\/p>\n\n\n\n<hr class=\"wp-block-separator has-alpha-channel-opacity\"\/>\n\n\n\n<h5 class=\"wp-block-heading has-text-color has-link-color wp-elements-0a59a01b04dfd39b8658423af57ed1ad\" style=\"color:#9d2632\">\u2026 kritisch, parteipolitisch unabh\u00e4ngig sein<\/h5>\n\n\n\n<p><em>Wir ermutigen zu kritischem Denken. Wir besch\u00e4ftigen uns auch mit gesellschaftspolitischen Herausforderungen, bewahren dabei jedoch unsere parteipolitische Unabh\u00e4ngigkeit.<\/em><\/p>\n\n\n\n<hr class=\"wp-block-separator has-alpha-channel-opacity\"\/>\n\n\n\n<h5 class=\"wp-block-heading has-text-color has-link-color wp-elements-ff654f5a158a86cf81953ad3c877e057\" style=\"color:#9d2632\">\u2026 unsere Umwelt beachten, die Natur sch\u00fctzen<\/h5>\n\n\n\n<p><em>Wir ermutigen unsere Kinder und Jugendlichen aktiv f\u00fcr den Natur- und Umweltschutz einzutreten.<\/em><\/p>\n\n\n\n<hr class=\"wp-block-separator has-alpha-channel-opacity\"\/>\n\n\n\n<h5 class=\"wp-block-heading has-text-color has-link-color wp-elements-a8aeee09d23a8e1ba0ea72d84ea1cbf9\" style=\"color:#9d2632\">\u2026 Gemeinschaft erleben, Kompetenzen st\u00e4rken<\/h5>\n\n\n\n<p><em>Wir bieten Kindern und Jugendlichen eine Gemeinschaft in der sie ihre St\u00e4rken und ihre sozialen Kompetenzen weiter entwickeln k\u00f6nnen und f\u00f6rdern die ganzheitliche Entwicklung unserer Mitglieder. Durch die altersgem\u00e4\u00dfe Mitbestimmung von Kindern und Jugendlichen st\u00e4rken wir deren Teamf\u00e4higkeit und Zivilcourage. Wir sehen diese Mitbestimmung als Voraussetzung und Chance unsere Bewegung offen zu gestalten und st\u00e4ndig weiter zu entwickeln.<\/em><\/p>\n\n\n\n<hr class=\"wp-block-separator has-alpha-channel-opacity\"\/>\n\n\n\n<h5 class=\"wp-block-heading has-text-color has-link-color wp-elements-ca56864d9a11496511f6e5ba43cab78d\" style=\"color:#9d2632\">\u2026 Bed\u00fcrfnisse erkennen, Individualit\u00e4t f\u00f6rdern<\/h5>\n\n\n\n<p><em>Wir f\u00f6rdern Kinder und Jugendliche entsprechend ihrer altersgem\u00e4\u00dfen und geschlechtsspezifischen Bed\u00fcrfnisse. Ein wesentlicher Aspekt dabei ist der offene und sensible Umgang mit ihrer religi\u00f6sen und ethnischen Herkunft. Die F\u00f6rderung der pers\u00f6nlichen Religiosit\u00e4t ist uns wichtig. Wir sind offen f\u00fcr Menschen mit Behinderungen. Sie bringen ihre F\u00e4higkeiten in die Gemeinschaft ein.<\/em><\/p>\n\n\n\n<hr class=\"wp-block-separator has-alpha-channel-opacity\"\/>\n\n\n\n<h5 class=\"wp-block-heading has-text-color has-link-color wp-elements-ea0e93fc7347de52dd3f25d8efc7708f\" style=\"color:#9d2632\">\u2026 Abenteuer erleben<\/h5>\n\n\n\n<p><em>Unsere besondere St\u00e4rke ist die p\u00e4dagogische Arbeit f\u00fcr und mit Kindern und Jugendlichen von 5-20 Jahren. Wir setzen unser Programm mit Hilfe qualifiziert ausgebildeter Kinder- und Jugendleiter*innen in ganz \u00d6sterreich um.<\/em><\/p>\n\n\n\n<hr class=\"wp-block-separator has-alpha-channel-opacity\"\/>\n\n\n\n<h5 class=\"wp-block-heading has-text-color has-link-color wp-elements-fc5cb2775b281690ab088a96cecd89fc\" style=\"color:#9d2632\">\u2026 ehrenamtlich aktiv sein, F\u00e4higkeiten n\u00fctzen<\/h5>\n\n\n\n<p><em>Unsere ehrenamtlichen Mitarbeiter*innen gestalten die Gesellschaft im jeweiligen pers\u00f6nlichen Umfeld verantwortungsvoll mit. Sie sch\u00f6pfen ihre Motivation aus dem Sinn ihres sozialen Engagements sowie aus dem Wert von pers\u00f6nlichen Freundschaften innerhalb der Bewegung. Unsere Jugendleiter*innen entwickeln sich sowohl durch Erfahrungsaustausch, durch das Lernen in der Gruppe, durch pers\u00f6nliche Weiterbildung als auch auf Ausbildungsseminaren weiter. Die erworbenen F\u00e4higkeiten und Kompetenzen k\u00f6nnen sie auch \u00fcber ihre pfadfinderische T\u00e4tigkeit hinaus nutzen.<\/em><\/p>\n\n\n\n<hr class=\"wp-block-separator has-alpha-channel-opacity\"\/>\n\n\n\n<h5 class=\"wp-block-heading has-text-color has-link-color wp-elements-2429bd97eb8b70ff7083fd220fff43f0\" style=\"color:#9d2632\">\u2026 st\u00e4ndige Weiterentwicklung fordern und f\u00f6rdern<\/h5>\n\n\n\n<p><em>Unser Kinder- und Jugendprogramm und die Aus- und Weiterbildung der Jugendleiter*innen werden auf Basis unserer Grunds\u00e4tze kontinuierlich weiterentwickelt. Diese Weiterentwicklung basiert auf regelm\u00e4\u00dfiger Evaluierung, st\u00e4ndigem Austausch unserer Jugendleiter*innen untereinander sowie auf dem Einbringen von pers\u00f6nlichen Erfahrungen aus dem privaten und beruflichen Umfeld.<\/em><\/p>\n\n\n\n<hr class=\"wp-block-separator has-alpha-channel-opacity\"\/>\n\n\n\n<p>Dem Alter entsprechend erleben die Kinder Spiele und Abenteuer. Als Jugendliche k\u00f6nnen sie ihre eigenen Ideen in gemeinsame Unternehmen und Projekte einbringen. Angepasst an die jeweiligen Bed\u00fcrfnisse, gibt es verschiedene&nbsp;<strong>Altersstufen<\/strong>, in denen Heimstunden angeboten werden:<\/p>\n\n\n\n<ul class=\"wp-block-list\">\n<li>Biber (5\u20147 Jahre)<\/li>\n\n\n\n<li>Wichtel\/W\u00f6lflinge (7\u201410 Jahre)<\/li>\n\n\n\n<li>Guides\/Sp\u00e4her (10\u201413 Jahre)<\/li>\n\n\n\n<li>Caravelles\/Explorer (13\u201416 Jahre)<\/li>\n\n\n\n<li>Ranger\/Rover (16\u201420 Jahre)<\/li>\n<\/ul>\n\n\n\n<p>Wann die jeweiligen Heimstunden stattfinden und weitere Infos findest du\u00a0<a href=\"https:\/\/www.pfadfinder-zistersdorf.at\/wp\/heimstunden\/\"><em><strong>hier<\/strong><\/em><\/a>.<\/p>\n","protected":false},"excerpt":{"rendered":"<p>Leitbild der\u00a0PP\u00d6\u00a0(Pfadfinder*innen \u00d6sterreichs) \u2026 Demokratie und Frieden erleben Wir sind Mitglied der gr\u00f6\u00dften Kinder- und Jugendbewegung der Welt. Durch gelebte Demokratie und internationale Begegnungen leisten wir einen nachhaltigen Beitrag f\u00fcr den Frieden. \u2026 kritisch, parteipolitisch unabh\u00e4ngig sein Wir ermutigen zu kritischem Denken. Wir besch\u00e4ftigen uns auch mit gesellschaftspolitischen Herausforderungen, bewahren dabei jedoch unsere parteipolitische Unabh\u00e4ngigkeit. [&hellip;]<\/p>\n","protected":false},"author":2,"featured_media":0,"parent":0,"menu_order":0,"comment_status":"closed","ping_status":"closed","template":"","meta":{"ocean_post_layout":"","ocean_both_sidebars_style":"","ocean_both_sidebars_content_width":0,"ocean_both_sidebars_sidebars_width":0,"ocean_sidebar":"","ocean_second_sidebar":"","ocean_disable_margins":"enable","ocean_add_body_class":"","ocean_shortcode_before_top_bar":"","ocean_shortcode_after_top_bar":"","ocean_shortcode_before_header":"","ocean_shortcode_after_header":"","ocean_has_shortcode":"","ocean_shortcode_after_title":"","ocean_shortcode_before_footer_widgets":"","ocean_shortcode_after_footer_widgets":"","ocean_shortcode_before_footer_bottom":"","ocean_shortcode_after_footer_bottom":"","ocean_display_top_bar":"default","ocean_display_header":"default","ocean_header_style":"","ocean_center_header_left_menu":"","ocean_custom_header_template":"","ocean_custom_logo":0,"ocean_custom_retina_logo":0,"ocean_custom_logo_max_width":0,"ocean_custom_logo_tablet_max_width":0,"ocean_custom_logo_mobile_max_width":0,"ocean_custom_logo_max_height":0,"ocean_custom_logo_tablet_max_height":0,"ocean_custom_logo_mobile_max_height":0,"ocean_header_custom_menu":"","ocean_menu_typo_font_family":"","ocean_menu_typo_font_subset":"","ocean_menu_typo_font_size":0,"ocean_menu_typo_font_size_tablet":0,"ocean_menu_typo_font_size_mobile":0,"ocean_menu_typo_font_size_unit":"px","ocean_menu_typo_font_weight":"","ocean_menu_typo_font_weight_tablet":"","ocean_menu_typo_font_weight_mobile":"","ocean_menu_typo_transform":"","ocean_menu_typo_transform_tablet":"","ocean_menu_typo_transform_mobile":"","ocean_menu_typo_line_height":0,"ocean_menu_typo_line_height_tablet":0,"ocean_menu_typo_line_height_mobile":0,"ocean_menu_typo_line_height_unit":"","ocean_menu_typo_spacing":0,"ocean_menu_typo_spacing_tablet":0,"ocean_menu_typo_spacing_mobile":0,"ocean_menu_typo_spacing_unit":"","ocean_menu_link_color":"","ocean_menu_link_color_hover":"","ocean_menu_link_color_active":"","ocean_menu_link_background":"","ocean_menu_link_hover_background":"","ocean_menu_link_active_background":"","ocean_menu_social_links_bg":"","ocean_menu_social_hover_links_bg":"","ocean_menu_social_links_color":"","ocean_menu_social_hover_links_color":"","ocean_disable_title":"default","ocean_disable_heading":"default","ocean_post_title":"","ocean_post_subheading":"","ocean_post_title_style":"","ocean_post_title_background_color":"","ocean_post_title_background":0,"ocean_post_title_bg_image_position":"","ocean_post_title_bg_image_attachment":"","ocean_post_title_bg_image_repeat":"","ocean_post_title_bg_image_size":"","ocean_post_title_height":0,"ocean_post_title_bg_overlay":0.5,"ocean_post_title_bg_overlay_color":"","ocean_disable_breadcrumbs":"default","ocean_breadcrumbs_color":"","ocean_breadcrumbs_separator_color":"","ocean_breadcrumbs_links_color":"","ocean_breadcrumbs_links_hover_color":"","ocean_display_footer_widgets":"default","ocean_display_footer_bottom":"default","ocean_custom_footer_template":"","footnotes":""},"class_list":["post-1904","page","type-page","status-publish","hentry","entry"],"yoast_head":"<!-- This site is optimized with the Yoast SEO plugin v27.0 - https:\/\/yoast.com\/product\/yoast-seo-wordpress\/ -->\n<title>Leitbild - Pfadfinder Zistersdorf<\/title>\n<meta name=\"robots\" content=\"index, follow, max-snippet:-1, max-image-preview:large, max-video-preview:-1\" \/>\n<link rel=\"canonical\" href=\"https:\/\/pfadfinder-zistersdorf.at\/wp\/leitbild\/\" \/>\n<meta property=\"og:locale\" content=\"de_DE\" \/>\n<meta property=\"og:type\" content=\"article\" \/>\n<meta property=\"og:title\" content=\"Leitbild - Pfadfinder Zistersdorf\" \/>\n<meta property=\"og:description\" content=\"Leitbild der\u00a0PP\u00d6\u00a0(Pfadfinder*innen \u00d6sterreichs) \u2026 Demokratie und Frieden erleben Wir sind Mitglied der gr\u00f6\u00dften Kinder- und Jugendbewegung der Welt. Durch gelebte Demokratie und internationale Begegnungen leisten wir einen nachhaltigen Beitrag f\u00fcr den Frieden. \u2026 kritisch, parteipolitisch unabh\u00e4ngig sein Wir ermutigen zu kritischem Denken. Wir besch\u00e4ftigen uns auch mit gesellschaftspolitischen Herausforderungen, bewahren dabei jedoch unsere parteipolitische Unabh\u00e4ngigkeit. [&hellip;]\" \/>\n<meta property=\"og:url\" content=\"https:\/\/pfadfinder-zistersdorf.at\/wp\/leitbild\/\" \/>\n<meta property=\"og:site_name\" content=\"Pfadfinder Zistersdorf\" \/>\n<meta property=\"article:modified_time\" content=\"2026-02-16T12:35:17+00:00\" \/>\n<meta name=\"twitter:card\" content=\"summary_large_image\" \/>\n<meta name=\"twitter:label1\" content=\"Gesch\u00e4tzte Lesezeit\" \/>\n\t<meta name=\"twitter:data1\" content=\"3\u00a0Minuten\" \/>\n<script type=\"application\/ld+json\" class=\"yoast-schema-graph\">{\"@context\":\"https:\/\/schema.org\",\"@graph\":[{\"@type\":\"WebPage\",\"@id\":\"https:\/\/pfadfinder-zistersdorf.at\/wp\/leitbild\/\",\"url\":\"https:\/\/pfadfinder-zistersdorf.at\/wp\/leitbild\/\",\"name\":\"Leitbild - Pfadfinder Zistersdorf\",\"isPartOf\":{\"@id\":\"https:\/\/pfadfinder-zistersdorf.at\/wp\/#website\"},\"datePublished\":\"2026-02-16T12:33:30+00:00\",\"dateModified\":\"2026-02-16T12:35:17+00:00\",\"breadcrumb\":{\"@id\":\"https:\/\/pfadfinder-zistersdorf.at\/wp\/leitbild\/#breadcrumb\"},\"inLanguage\":\"de\",\"potentialAction\":[{\"@type\":\"ReadAction\",\"target\":[\"https:\/\/pfadfinder-zistersdorf.at\/wp\/leitbild\/\"]}]},{\"@type\":\"BreadcrumbList\",\"@id\":\"https:\/\/pfadfinder-zistersdorf.at\/wp\/leitbild\/#breadcrumb\",\"itemListElement\":[{\"@type\":\"ListItem\",\"position\":1,\"name\":\"Start\",\"item\":\"https:\/\/pfadfinder-zistersdorf.at\/wp\/\"},{\"@type\":\"ListItem\",\"position\":2,\"name\":\"Leitbild\"}]},{\"@type\":\"WebSite\",\"@id\":\"https:\/\/pfadfinder-zistersdorf.at\/wp\/#website\",\"url\":\"https:\/\/pfadfinder-zistersdorf.at\/wp\/\",\"name\":\"Pfadfinder Zistersdorf\",\"description\":\"Der Webauftritt der Pfadfindergruppe Zistersdorf\",\"publisher\":{\"@id\":\"https:\/\/pfadfinder-zistersdorf.at\/wp\/#organization\"},\"potentialAction\":[{\"@type\":\"SearchAction\",\"target\":{\"@type\":\"EntryPoint\",\"urlTemplate\":\"https:\/\/pfadfinder-zistersdorf.at\/wp\/?s={search_term_string}\"},\"query-input\":{\"@type\":\"PropertyValueSpecification\",\"valueRequired\":true,\"valueName\":\"search_term_string\"}}],\"inLanguage\":\"de\"},{\"@type\":\"Organization\",\"@id\":\"https:\/\/pfadfinder-zistersdorf.at\/wp\/#organization\",\"name\":\"Pfadfinder Zistersdorf\",\"url\":\"https:\/\/pfadfinder-zistersdorf.at\/wp\/\",\"logo\":{\"@type\":\"ImageObject\",\"inLanguage\":\"de\",\"@id\":\"https:\/\/pfadfinder-zistersdorf.at\/wp\/#\/schema\/logo\/image\/\",\"url\":\"https:\/\/pfadfinder-zistersdorf.at\/wp\/wp-content\/uploads\/2026\/01\/Logo-Zistersdorf_WEISS.png\",\"contentUrl\":\"https:\/\/pfadfinder-zistersdorf.at\/wp\/wp-content\/uploads\/2026\/01\/Logo-Zistersdorf_WEISS.png\",\"width\":2459,\"height\":720,\"caption\":\"Pfadfinder Zistersdorf\"},\"image\":{\"@id\":\"https:\/\/pfadfinder-zistersdorf.at\/wp\/#\/schema\/logo\/image\/\"}}]}<\/script>\n<!-- \/ Yoast SEO plugin. -->","yoast_head_json":{"title":"Leitbild - Pfadfinder Zistersdorf","robots":{"index":"index","follow":"follow","max-snippet":"max-snippet:-1","max-image-preview":"max-image-preview:large","max-video-preview":"max-video-preview:-1"},"canonical":"https:\/\/pfadfinder-zistersdorf.at\/wp\/leitbild\/","og_locale":"de_DE","og_type":"article","og_title":"Leitbild - Pfadfinder Zistersdorf","og_description":"Leitbild der\u00a0PP\u00d6\u00a0(Pfadfinder*innen \u00d6sterreichs) \u2026 Demokratie und Frieden erleben Wir sind Mitglied der gr\u00f6\u00dften Kinder- und Jugendbewegung der Welt. Durch gelebte Demokratie und internationale Begegnungen leisten wir einen nachhaltigen Beitrag f\u00fcr den Frieden. \u2026 kritisch, parteipolitisch unabh\u00e4ngig sein Wir ermutigen zu kritischem Denken. Wir besch\u00e4ftigen uns auch mit gesellschaftspolitischen Herausforderungen, bewahren dabei jedoch unsere parteipolitische Unabh\u00e4ngigkeit. [&hellip;]","og_url":"https:\/\/pfadfinder-zistersdorf.at\/wp\/leitbild\/","og_site_name":"Pfadfinder Zistersdorf","article_modified_time":"2026-02-16T12:35:17+00:00","twitter_card":"summary_large_image","twitter_misc":{"Gesch\u00e4tzte Lesezeit":"3\u00a0Minuten"},"schema":{"@context":"https:\/\/schema.org","@graph":[{"@type":"WebPage","@id":"https:\/\/pfadfinder-zistersdorf.at\/wp\/leitbild\/","url":"https:\/\/pfadfinder-zistersdorf.at\/wp\/leitbild\/","name":"Leitbild - Pfadfinder Zistersdorf","isPartOf":{"@id":"https:\/\/pfadfinder-zistersdorf.at\/wp\/#website"},"datePublished":"2026-02-16T12:33:30+00:00","dateModified":"2026-02-16T12:35:17+00:00","breadcrumb":{"@id":"https:\/\/pfadfinder-zistersdorf.at\/wp\/leitbild\/#breadcrumb"},"inLanguage":"de","potentialAction":[{"@type":"ReadAction","target":["https:\/\/pfadfinder-zistersdorf.at\/wp\/leitbild\/"]}]},{"@type":"BreadcrumbList","@id":"https:\/\/pfadfinder-zistersdorf.at\/wp\/leitbild\/#breadcrumb","itemListElement":[{"@type":"ListItem","position":1,"name":"Start","item":"https:\/\/pfadfinder-zistersdorf.at\/wp\/"},{"@type":"ListItem","position":2,"name":"Leitbild"}]},{"@type":"WebSite","@id":"https:\/\/pfadfinder-zistersdorf.at\/wp\/#website","url":"https:\/\/pfadfinder-zistersdorf.at\/wp\/","name":"Pfadfinder Zistersdorf","description":"Der Webauftritt der Pfadfindergruppe Zistersdorf","publisher":{"@id":"https:\/\/pfadfinder-zistersdorf.at\/wp\/#organization"},"potentialAction":[{"@type":"SearchAction","target":{"@type":"EntryPoint","urlTemplate":"https:\/\/pfadfinder-zistersdorf.at\/wp\/?s={search_term_string}"},"query-input":{"@type":"PropertyValueSpecification","valueRequired":true,"valueName":"search_term_string"}}],"inLanguage":"de"},{"@type":"Organization","@id":"https:\/\/pfadfinder-zistersdorf.at\/wp\/#organization","name":"Pfadfinder Zistersdorf","url":"https:\/\/pfadfinder-zistersdorf.at\/wp\/","logo":{"@type":"ImageObject","inLanguage":"de","@id":"https:\/\/pfadfinder-zistersdorf.at\/wp\/#\/schema\/logo\/image\/","url":"https:\/\/pfadfinder-zistersdorf.at\/wp\/wp-content\/uploads\/2026\/01\/Logo-Zistersdorf_WEISS.png","contentUrl":"https:\/\/pfadfinder-zistersdorf.at\/wp\/wp-content\/uploads\/2026\/01\/Logo-Zistersdorf_WEISS.png","width":2459,"height":720,"caption":"Pfadfinder Zistersdorf"},"image":{"@id":"https:\/\/pfadfinder-zistersdorf.at\/wp\/#\/schema\/logo\/image\/"}}]}},"_links":{"self":[{"href":"https:\/\/pfadfinder-zistersdorf.at\/wp\/wp-json\/wp\/v2\/pages\/1904","targetHints":{"allow":["GET"]}}],"collection":[{"href":"https:\/\/pfadfinder-zistersdorf.at\/wp\/wp-json\/wp\/v2\/pages"}],"about":[{"href":"https:\/\/pfadfinder-zistersdorf.at\/wp\/wp-json\/wp\/v2\/types\/page"}],"author":[{"embeddable":true,"href":"https:\/\/pfadfinder-zistersdorf.at\/wp\/wp-json\/wp\/v2\/users\/2"}],"replies":[{"embeddable":true,"href":"https:\/\/pfadfinder-zistersdorf.at\/wp\/wp-json\/wp\/v2\/comments?post=1904"}],"version-history":[{"count":5,"href":"https:\/\/pfadfinder-zistersdorf.at\/wp\/wp-json\/wp\/v2\/pages\/1904\/revisions"}],"predecessor-version":[{"id":1911,"href":"https:\/\/pfadfinder-zistersdorf.at\/wp\/wp-json\/wp\/v2\/pages\/1904\/revisions\/1911"}],"wp:attachment":[{"href":"https:\/\/pfadfinder-zistersdorf.at\/wp\/wp-json\/wp\/v2\/media?parent=1904"}],"curies":[{"name":"wp","href":"https:\/\/api.w.org\/{rel}","templated":true}]}}