{"id":1791,"date":"2026-01-02T09:11:31","date_gmt":"2026-01-02T09:11:31","guid":{"rendered":"https:\/\/pfadfinder-zistersdorf.at\/wp\/?page_id=1791"},"modified":"2026-01-02T09:11:32","modified_gmt":"2026-01-02T09:11:32","slug":"impressum","status":"publish","type":"page","link":"https:\/\/pfadfinder-zistersdorf.at\/wp\/impressum\/","title":{"rendered":"Impressum"},"content":{"rendered":"\n<h2 class=\"wp-block-heading\">Medieninhaber<\/h2>\n\n\n\n<p>Pfadfinder*innen-Gruppe Zistersdorf<\/p>\n\n\n\n<p>Im Meierhof 1<br>2225 Zistersdorf<br>E-Mail: <strong>gruppenleitung@pfadfinder-zistersdorf.at<\/strong><\/p>\n\n\n\n<h2 class=\"wp-block-heading\">Informationspflicht gem\u00e4\u00df Mediengesetz &amp; E-Commerce-Gesetz<\/h2>\n\n\n\n<p>Zentrales Vereinsregister:\u00a0587095304<\/p>\n\n\n\n<p>Bankverbindung der Pfadfinder*innen-Gruppe<br>IBAN:\u00a0AT08 2011 1410 0550 1727<br>BIC:\u00a0GIBAATWWXXX<\/p>\n\n\n\n<h2 class=\"wp-block-heading\">F\u00fcr den Inhalt verantwortlich<\/h2>\n\n\n\n<p>Pfadfinder*innen-Gruppe Zistersdorf<\/p>\n\n\n\n<h2 class=\"wp-block-heading\">Copyright, Marken- und Schutzrechte<\/h2>\n\n\n\n<p>Alle Inhalte auf dieser Website sind urheberrechtlich gesch\u00fctzt. Texte, Bilder, Grafiken, Sound, Animationen und Videos unterliegen dem Schutz des Urheberrechts und anderer Schutzgesetze. Der Inhalt darf nicht zu kommerziellen Zwecken kopiert, verbreitet, ver\u00e4ndert oder Dritten zug\u00e4nglich gemacht werden. Jede Nutzung, insbesondere die Speicherung in Datenbanken, Vervielf\u00e4ltigung, Verbreitung, Bearbeitung und jede Form von gewerblicher Nutzung sowie die Weitergabe an Dritte \u2013 auch in Teilen oder in \u00fcberarbeiteter Form \u2013 ohne Zustimmung des Betreibers des Urhebers ist untersagt.<\/p>\n\n\n\n<h2 class=\"wp-block-heading\">Erteilung von Nutzungsrechten<\/h2>\n\n\n\n<p>Die\u00a0Pfadfinder*innen-Gruppe Zistersdorf erteilen in besonderen F\u00e4llen spezielle Nutzungsrechte.<\/p>\n\n\n\n<h2 class=\"wp-block-heading\">Redaktionelle Fragen<\/h2>\n\n\n\n<p>Redaktionelle Fragen zur Website richten Sie bitte an\u00a0<strong>gruppenleitung@pfadfinder-zistersdorf.at<\/strong><\/p>\n\n\n\n<h2 class=\"wp-block-heading\">Nutzungsbedingungen, Gew\u00e4hrleistung, Haftung \u00fcber Inhalt und Verlinkungen<\/h2>\n\n\n\n<p>Die Nutzung dieser Website erfolgt auf eigene Gefahr und auf eigenes Risiko. Wir \u00fcbernehmen weder Gew\u00e4hr f\u00fcr st\u00e4ndige Verf\u00fcgbarkeit, noch f\u00fcr die ver\u00f6ffentlichten Beitr\u00e4ge, Angebote, Dienstleistungen und Services hinsichtlich Richtigkeit, Vollst\u00e4ndigkeit und Funktionalit\u00e4t. Die Gew\u00e4hrleistung richtet sich nach den gesetzlichen Bestimmungen. Jegliche Haftung f\u00fcr Sch\u00e4den, die direkt oder indirekt aus der Benutzung dieser Webseite entstehen, sind ausgeschlossen. Diese Website und die damit verbundenen Dienste werden unter dem Gesichtspunkt gr\u00f6\u00dfter Sorgfalt, Zuverl\u00e4ssigkeit und Verf\u00fcgbarkeit betrieben. Aus technischen Gr\u00fcnden ist es jedoch nicht m\u00f6glich, dass diese Dienste ohne Unterbrechung zug\u00e4nglich sind, dass die gew\u00fcnschten Verbindungen immer hergestellt werden k\u00f6nnen oder, dass gespeicherte Daten unter allen Gegebenheiten erhalten bleiben. Die st\u00e4ndige Verf\u00fcgbarkeit kann daher nicht zugesichert werden. IP-Konnektivit\u00e4t zu anderen Netzbetreibern erfolgt nach Ma\u00dfgabe der M\u00f6glichkeiten. Jegliche Haftung f\u00fcr Probleme, die ihre Ursache in den Netzen Dritter haben, ist ausgeschlossen. Die Nutzung anderer Netze unterliegt den Nutzungsbedingungen der jeweiligen Betreiber. Bei h\u00f6herer Gewalt, Streiks, Einschr\u00e4nkungen der Leistungen anderer Netzbetreiber oder bei Reparatur- und Wartungsarbeiten kann es zu Einschr\u00e4nkungen oder Unterbrechungen kommen, wobei f\u00fcr derartige Ausf\u00e4lle keine Haftung besteht.<\/p>\n\n\n\n<h2 class=\"wp-block-heading\">Links<\/h2>\n\n\n\n<p>Bei Verlinkungen auf weitere Online-Angebote \u00fcbernehmen wir keine Haftung \u00fcber den Inhalt, Funktionalit\u00e4t und Verf\u00fcgbarkeit der verlinkten Website(n). Dies gilt auch bei allen anderen direkten oder indirekten Verweisen oder Verlinkungen auf fremde Internetangebote. Links auf diese Website sind erw\u00fcnscht, wenn sie als externe Links in einem eigenen Browserfenster gestaltet sind. Eine \u00dcbernahme des Hauptfensters in einen Frame des Linksetzers ist unzul\u00e4ssig.<\/p>\n\n\n\n<h2 class=\"wp-block-heading\">Konzeption, Design, Produktion durch Mitarbeiter*innen von:<\/h2>\n\n\n\n<p>Pfadfinder und Pfadfinderinnen \u00d6sterreichs, St\u00f6berplatz 12, 1170 Wien<br>Und der\u00a0Pfadfinder*innen-Gruppe Zistersdorf<\/p>\n","protected":false},"excerpt":{"rendered":"<p>Medieninhaber Pfadfinder*innen-Gruppe Zistersdorf Im Meierhof 12225 ZistersdorfE-Mail: gruppenleitung@pfadfinder-zistersdorf.at Informationspflicht gem\u00e4\u00df Mediengesetz &amp; E-Commerce-Gesetz Zentrales Vereinsregister:\u00a0587095304 Bankverbindung der Pfadfinder*innen-GruppeIBAN:\u00a0AT08 2011 1410 0550 1727BIC:\u00a0GIBAATWWXXX F\u00fcr den Inhalt verantwortlich Pfadfinder*innen-Gruppe Zistersdorf Copyright, Marken- und Schutzrechte Alle Inhalte auf dieser Website sind urheberrechtlich gesch\u00fctzt. Texte, Bilder, Grafiken, Sound, Animationen und Videos unterliegen dem Schutz des Urheberrechts und anderer Schutzgesetze. [&hellip;]<\/p>\n","protected":false},"author":2,"featured_media":0,"parent":0,"menu_order":0,"comment_status":"closed","ping_status":"closed","template":"","meta":{"ocean_post_layout":"","ocean_both_sidebars_style":"","ocean_both_sidebars_content_width":0,"ocean_both_sidebars_sidebars_width":0,"ocean_sidebar":"","ocean_second_sidebar":"","ocean_disable_margins":"enable","ocean_add_body_class":"","ocean_shortcode_before_top_bar":"","ocean_shortcode_after_top_bar":"","ocean_shortcode_before_header":"","ocean_shortcode_after_header":"","ocean_has_shortcode":"","ocean_shortcode_after_title":"","ocean_shortcode_before_footer_widgets":"","ocean_shortcode_after_footer_widgets":"","ocean_shortcode_before_footer_bottom":"","ocean_shortcode_after_footer_bottom":"","ocean_display_top_bar":"default","ocean_display_header":"default","ocean_header_style":"","ocean_center_header_left_menu":"","ocean_custom_header_template":"","ocean_custom_logo":0,"ocean_custom_retina_logo":0,"ocean_custom_logo_max_width":0,"ocean_custom_logo_tablet_max_width":0,"ocean_custom_logo_mobile_max_width":0,"ocean_custom_logo_max_height":0,"ocean_custom_logo_tablet_max_height":0,"ocean_custom_logo_mobile_max_height":0,"ocean_header_custom_menu":"","ocean_menu_typo_font_family":"","ocean_menu_typo_font_subset":"","ocean_menu_typo_font_size":0,"ocean_menu_typo_font_size_tablet":0,"ocean_menu_typo_font_size_mobile":0,"ocean_menu_typo_font_size_unit":"px","ocean_menu_typo_font_weight":"","ocean_menu_typo_font_weight_tablet":"","ocean_menu_typo_font_weight_mobile":"","ocean_menu_typo_transform":"","ocean_menu_typo_transform_tablet":"","ocean_menu_typo_transform_mobile":"","ocean_menu_typo_line_height":0,"ocean_menu_typo_line_height_tablet":0,"ocean_menu_typo_line_height_mobile":0,"ocean_menu_typo_line_height_unit":"","ocean_menu_typo_spacing":0,"ocean_menu_typo_spacing_tablet":0,"ocean_menu_typo_spacing_mobile":0,"ocean_menu_typo_spacing_unit":"","ocean_menu_link_color":"","ocean_menu_link_color_hover":"","ocean_menu_link_color_active":"","ocean_menu_link_background":"","ocean_menu_link_hover_background":"","ocean_menu_link_active_background":"","ocean_menu_social_links_bg":"","ocean_menu_social_hover_links_bg":"","ocean_menu_social_links_color":"","ocean_menu_social_hover_links_color":"","ocean_disable_title":"default","ocean_disable_heading":"default","ocean_post_title":"","ocean_post_subheading":"","ocean_post_title_style":"","ocean_post_title_background_color":"","ocean_post_title_background":0,"ocean_post_title_bg_image_position":"","ocean_post_title_bg_image_attachment":"","ocean_post_title_bg_image_repeat":"","ocean_post_title_bg_image_size":"","ocean_post_title_height":0,"ocean_post_title_bg_overlay":0.5,"ocean_post_title_bg_overlay_color":"","ocean_disable_breadcrumbs":"default","ocean_breadcrumbs_color":"","ocean_breadcrumbs_separator_color":"","ocean_breadcrumbs_links_color":"","ocean_breadcrumbs_links_hover_color":"","ocean_display_footer_widgets":"default","ocean_display_footer_bottom":"default","ocean_custom_footer_template":"","footnotes":""},"class_list":["post-1791","page","type-page","status-publish","hentry","entry"],"yoast_head":"<!-- This site is optimized with the Yoast SEO plugin v27.0 - https:\/\/yoast.com\/product\/yoast-seo-wordpress\/ -->\n<title>Impressum - Pfadfinder Zistersdorf<\/title>\n<meta name=\"robots\" content=\"index, follow, max-snippet:-1, max-image-preview:large, max-video-preview:-1\" \/>\n<link rel=\"canonical\" href=\"https:\/\/pfadfinder-zistersdorf.at\/wp\/impressum\/\" \/>\n<meta property=\"og:locale\" content=\"de_DE\" \/>\n<meta property=\"og:type\" content=\"article\" \/>\n<meta property=\"og:title\" content=\"Impressum - Pfadfinder Zistersdorf\" \/>\n<meta property=\"og:description\" content=\"Medieninhaber Pfadfinder*innen-Gruppe Zistersdorf Im Meierhof 12225 ZistersdorfE-Mail: gruppenleitung@pfadfinder-zistersdorf.at Informationspflicht gem\u00e4\u00df Mediengesetz &amp; E-Commerce-Gesetz Zentrales Vereinsregister:\u00a0587095304 Bankverbindung der Pfadfinder*innen-GruppeIBAN:\u00a0AT08 2011 1410 0550 1727BIC:\u00a0GIBAATWWXXX F\u00fcr den Inhalt verantwortlich Pfadfinder*innen-Gruppe Zistersdorf Copyright, Marken- und Schutzrechte Alle Inhalte auf dieser Website sind urheberrechtlich gesch\u00fctzt. Texte, Bilder, Grafiken, Sound, Animationen und Videos unterliegen dem Schutz des Urheberrechts und anderer Schutzgesetze. [&hellip;]\" \/>\n<meta property=\"og:url\" content=\"https:\/\/pfadfinder-zistersdorf.at\/wp\/impressum\/\" \/>\n<meta property=\"og:site_name\" content=\"Pfadfinder Zistersdorf\" \/>\n<meta property=\"article:modified_time\" content=\"2026-01-02T09:11:32+00:00\" \/>\n<meta name=\"twitter:card\" content=\"summary_large_image\" \/>\n<meta name=\"twitter:label1\" content=\"Gesch\u00e4tzte Lesezeit\" \/>\n\t<meta name=\"twitter:data1\" content=\"3\u00a0Minuten\" \/>\n<script type=\"application\/ld+json\" class=\"yoast-schema-graph\">{\"@context\":\"https:\/\/schema.org\",\"@graph\":[{\"@type\":\"WebPage\",\"@id\":\"https:\/\/pfadfinder-zistersdorf.at\/wp\/impressum\/\",\"url\":\"https:\/\/pfadfinder-zistersdorf.at\/wp\/impressum\/\",\"name\":\"Impressum - Pfadfinder Zistersdorf\",\"isPartOf\":{\"@id\":\"https:\/\/pfadfinder-zistersdorf.at\/wp\/#website\"},\"datePublished\":\"2026-01-02T09:11:31+00:00\",\"dateModified\":\"2026-01-02T09:11:32+00:00\",\"breadcrumb\":{\"@id\":\"https:\/\/pfadfinder-zistersdorf.at\/wp\/impressum\/#breadcrumb\"},\"inLanguage\":\"de\",\"potentialAction\":[{\"@type\":\"ReadAction\",\"target\":[\"https:\/\/pfadfinder-zistersdorf.at\/wp\/impressum\/\"]}]},{\"@type\":\"BreadcrumbList\",\"@id\":\"https:\/\/pfadfinder-zistersdorf.at\/wp\/impressum\/#breadcrumb\",\"itemListElement\":[{\"@type\":\"ListItem\",\"position\":1,\"name\":\"Start\",\"item\":\"https:\/\/pfadfinder-zistersdorf.at\/wp\/\"},{\"@type\":\"ListItem\",\"position\":2,\"name\":\"Impressum\"}]},{\"@type\":\"WebSite\",\"@id\":\"https:\/\/pfadfinder-zistersdorf.at\/wp\/#website\",\"url\":\"https:\/\/pfadfinder-zistersdorf.at\/wp\/\",\"name\":\"Pfadfinder Zistersdorf\",\"description\":\"Der Webauftritt der Pfadfindergruppe Zistersdorf\",\"publisher\":{\"@id\":\"https:\/\/pfadfinder-zistersdorf.at\/wp\/#organization\"},\"potentialAction\":[{\"@type\":\"SearchAction\",\"target\":{\"@type\":\"EntryPoint\",\"urlTemplate\":\"https:\/\/pfadfinder-zistersdorf.at\/wp\/?s={search_term_string}\"},\"query-input\":{\"@type\":\"PropertyValueSpecification\",\"valueRequired\":true,\"valueName\":\"search_term_string\"}}],\"inLanguage\":\"de\"},{\"@type\":\"Organization\",\"@id\":\"https:\/\/pfadfinder-zistersdorf.at\/wp\/#organization\",\"name\":\"Pfadfinder Zistersdorf\",\"url\":\"https:\/\/pfadfinder-zistersdorf.at\/wp\/\",\"logo\":{\"@type\":\"ImageObject\",\"inLanguage\":\"de\",\"@id\":\"https:\/\/pfadfinder-zistersdorf.at\/wp\/#\/schema\/logo\/image\/\",\"url\":\"https:\/\/pfadfinder-zistersdorf.at\/wp\/wp-content\/uploads\/2026\/01\/Logo-Zistersdorf_WEISS.png\",\"contentUrl\":\"https:\/\/pfadfinder-zistersdorf.at\/wp\/wp-content\/uploads\/2026\/01\/Logo-Zistersdorf_WEISS.png\",\"width\":2459,\"height\":720,\"caption\":\"Pfadfinder Zistersdorf\"},\"image\":{\"@id\":\"https:\/\/pfadfinder-zistersdorf.at\/wp\/#\/schema\/logo\/image\/\"}}]}<\/script>\n<!-- \/ Yoast SEO plugin. -->","yoast_head_json":{"title":"Impressum - Pfadfinder Zistersdorf","robots":{"index":"index","follow":"follow","max-snippet":"max-snippet:-1","max-image-preview":"max-image-preview:large","max-video-preview":"max-video-preview:-1"},"canonical":"https:\/\/pfadfinder-zistersdorf.at\/wp\/impressum\/","og_locale":"de_DE","og_type":"article","og_title":"Impressum - Pfadfinder Zistersdorf","og_description":"Medieninhaber Pfadfinder*innen-Gruppe Zistersdorf Im Meierhof 12225 ZistersdorfE-Mail: gruppenleitung@pfadfinder-zistersdorf.at Informationspflicht gem\u00e4\u00df Mediengesetz &amp; E-Commerce-Gesetz Zentrales Vereinsregister:\u00a0587095304 Bankverbindung der Pfadfinder*innen-GruppeIBAN:\u00a0AT08 2011 1410 0550 1727BIC:\u00a0GIBAATWWXXX F\u00fcr den Inhalt verantwortlich Pfadfinder*innen-Gruppe Zistersdorf Copyright, Marken- und Schutzrechte Alle Inhalte auf dieser Website sind urheberrechtlich gesch\u00fctzt. Texte, Bilder, Grafiken, Sound, Animationen und Videos unterliegen dem Schutz des Urheberrechts und anderer Schutzgesetze. [&hellip;]","og_url":"https:\/\/pfadfinder-zistersdorf.at\/wp\/impressum\/","og_site_name":"Pfadfinder Zistersdorf","article_modified_time":"2026-01-02T09:11:32+00:00","twitter_card":"summary_large_image","twitter_misc":{"Gesch\u00e4tzte Lesezeit":"3\u00a0Minuten"},"schema":{"@context":"https:\/\/schema.org","@graph":[{"@type":"WebPage","@id":"https:\/\/pfadfinder-zistersdorf.at\/wp\/impressum\/","url":"https:\/\/pfadfinder-zistersdorf.at\/wp\/impressum\/","name":"Impressum - Pfadfinder Zistersdorf","isPartOf":{"@id":"https:\/\/pfadfinder-zistersdorf.at\/wp\/#website"},"datePublished":"2026-01-02T09:11:31+00:00","dateModified":"2026-01-02T09:11:32+00:00","breadcrumb":{"@id":"https:\/\/pfadfinder-zistersdorf.at\/wp\/impressum\/#breadcrumb"},"inLanguage":"de","potentialAction":[{"@type":"ReadAction","target":["https:\/\/pfadfinder-zistersdorf.at\/wp\/impressum\/"]}]},{"@type":"BreadcrumbList","@id":"https:\/\/pfadfinder-zistersdorf.at\/wp\/impressum\/#breadcrumb","itemListElement":[{"@type":"ListItem","position":1,"name":"Start","item":"https:\/\/pfadfinder-zistersdorf.at\/wp\/"},{"@type":"ListItem","position":2,"name":"Impressum"}]},{"@type":"WebSite","@id":"https:\/\/pfadfinder-zistersdorf.at\/wp\/#website","url":"https:\/\/pfadfinder-zistersdorf.at\/wp\/","name":"Pfadfinder Zistersdorf","description":"Der Webauftritt der Pfadfindergruppe Zistersdorf","publisher":{"@id":"https:\/\/pfadfinder-zistersdorf.at\/wp\/#organization"},"potentialAction":[{"@type":"SearchAction","target":{"@type":"EntryPoint","urlTemplate":"https:\/\/pfadfinder-zistersdorf.at\/wp\/?s={search_term_string}"},"query-input":{"@type":"PropertyValueSpecification","valueRequired":true,"valueName":"search_term_string"}}],"inLanguage":"de"},{"@type":"Organization","@id":"https:\/\/pfadfinder-zistersdorf.at\/wp\/#organization","name":"Pfadfinder Zistersdorf","url":"https:\/\/pfadfinder-zistersdorf.at\/wp\/","logo":{"@type":"ImageObject","inLanguage":"de","@id":"https:\/\/pfadfinder-zistersdorf.at\/wp\/#\/schema\/logo\/image\/","url":"https:\/\/pfadfinder-zistersdorf.at\/wp\/wp-content\/uploads\/2026\/01\/Logo-Zistersdorf_WEISS.png","contentUrl":"https:\/\/pfadfinder-zistersdorf.at\/wp\/wp-content\/uploads\/2026\/01\/Logo-Zistersdorf_WEISS.png","width":2459,"height":720,"caption":"Pfadfinder Zistersdorf"},"image":{"@id":"https:\/\/pfadfinder-zistersdorf.at\/wp\/#\/schema\/logo\/image\/"}}]}},"_links":{"self":[{"href":"https:\/\/pfadfinder-zistersdorf.at\/wp\/wp-json\/wp\/v2\/pages\/1791","targetHints":{"allow":["GET"]}}],"collection":[{"href":"https:\/\/pfadfinder-zistersdorf.at\/wp\/wp-json\/wp\/v2\/pages"}],"about":[{"href":"https:\/\/pfadfinder-zistersdorf.at\/wp\/wp-json\/wp\/v2\/types\/page"}],"author":[{"embeddable":true,"href":"https:\/\/pfadfinder-zistersdorf.at\/wp\/wp-json\/wp\/v2\/users\/2"}],"replies":[{"embeddable":true,"href":"https:\/\/pfadfinder-zistersdorf.at\/wp\/wp-json\/wp\/v2\/comments?post=1791"}],"version-history":[{"count":1,"href":"https:\/\/pfadfinder-zistersdorf.at\/wp\/wp-json\/wp\/v2\/pages\/1791\/revisions"}],"predecessor-version":[{"id":1792,"href":"https:\/\/pfadfinder-zistersdorf.at\/wp\/wp-json\/wp\/v2\/pages\/1791\/revisions\/1792"}],"wp:attachment":[{"href":"https:\/\/pfadfinder-zistersdorf.at\/wp\/wp-json\/wp\/v2\/media?parent=1791"}],"curies":[{"name":"wp","href":"https:\/\/api.w.org\/{rel}","templated":true}]}}